    {"id":5689,"date":"2023-10-20T02:43:03","date_gmt":"2023-10-20T02:43:03","guid":{"rendered":"https:\/\/middlemissimmigrationlaw.com\/immigration-practice-areas\/"},"modified":"2024-08-29T20:13:07","modified_gmt":"2024-08-29T20:13:07","slug":"services-en-immigration","status":"publish","type":"page","link":"https:\/\/middlemissimmigrationlaw.com\/fr\/services-en-immigration\/","title":{"rendered":"Nos services en immigration"},"content":{"rendered":"\t\t<div data-elementor-type=\"wp-page\" data-elementor-id=\"5689\" class=\"elementor elementor-5689 elementor-230\">\n\t\t\t\t        <section class=\"elementor-section elementor-top-section elementor-element elementor-element-55b67ed elementor-section-stretched elementor-section-boxed elementor-section-height-default elementor-section-height-default pxl-row-scroll-none pxl-section-overflow-visible pxl-bg-color-none pxl-section-overlay-none\" data-id=\"55b67ed\" data-element_type=\"section\" data-settings=\"{&quot;stretch_section&quot;:&quot;section-stretched&quot;,&quot;background_background&quot;:&quot;classic&quot;}\">\n\n                \n                <div class=\"elementor-container elementor-column-gap-extended \">\n                <div class=\"elementor-column elementor-col-100 elementor-top-column elementor-element elementor-element-1b5d322 pxl-column-none\" data-id=\"1b5d322\" data-element_type=\"column\">\r\n        <div class=\"elementor-widget-wrap elementor-element-populated\">\r\n                     \r\n        \t\t<div class=\"elementor-element elementor-element-6d16ff8 elementor-widget elementor-widget-pxl_heading\" data-id=\"6d16ff8\" data-element_type=\"widget\" data-widget_type=\"pxl_heading.default\">\n\t\t\t\t<div class=\"elementor-widget-container\">\n\t\t\t<div id=\"pxl-pxl_heading-6d16ff8-1302\" class=\"pxl-heading px-sub-title-default-style\">\n\t<div class=\"pxl-heading--inner\">\n\t\t\n\t\t\n\t\t<h2 class=\"pxl-item--title pxl-split-text split-in-left\" data-wow-delay=\"ms\">\n\t\tNos services en mati\u00e8re             <span class=\"pxl-title--highlight \">\n                <span class=\"pxl-item--text active\">d&#8217;immigration <\/span>            <\/span>\n        \t\t\n\t\t<\/h2>\n\n\t\t\n\t\t\n\t\t\t\t\t\t\t\t\n\t<\/div>\n<\/div>\t\t<\/div>\n\t\t\t\t<\/div>\n\t\t\t\t<div class=\"elementor-element elementor-element-5808532 elementor-widget__width-auto elementor-widget elementor-widget-pxl_text_editor\" data-id=\"5808532\" data-element_type=\"widget\" data-widget_type=\"pxl_text_editor.default\">\n\t\t\t\t<div class=\"elementor-widget-container\">\n\t\t\t<div class=\"pxl-text-editor\">\n\t<div class=\"pxl-item--inner \" data-wow-delay=\"ms\">\n\t\t<p>\u00a9 Middlemiss Immigration Law 2024. All rights reserved.<\/p>\t\t\n\t<\/div>\n<\/div>\t\t<\/div>\n\t\t\t\t<\/div>\n\t\t\t\t<div class=\"elementor-element elementor-element-eb1283a pxl-post-layout-service-2 elementor-widget elementor-widget-pxl_post_grid\" data-id=\"eb1283a\" data-element_type=\"widget\" data-widget_type=\"pxl_post_grid.default\">\n\t\t\t\t<div class=\"elementor-widget-container\">\n\t\t\t\n<div id=\"pxl_post_grid-eb1283a-9831\" class=\"pxl-grid pxl-service-grid pxl-service-grid-layout2 pxl-grid--6items  \" data-layout=\"masonry\" data-start-page=\"1\" data-max-pages=\"1\" data-total=\"6\" data-perpage=\"6\" data-next-link=\"\">\n    \n    <div class=\"pxl-grid-inner pxl-grid-masonry row\" data-gutter=\"15\">\n                    <div class=\"pxl-grid-item col-xl-4 col-lg-4 col-md-6 col-sm-6 col-12 \">\n                <div class=\"pxl-item--inner \" data-wow-duration=\"1.2s\">\n                                        <div class=\"pxl-item--featured item-image\">\n                        <a class=\"pxl-wrap-link\" href=\"https:\/\/middlemissimmigrationlaw.com\/fr\/service\/permis-de-travail\/\"> <img fetchpriority=\"high\" decoding=\"async\" class=\"\" src=\"https:\/\/middlemissimmigrationlaw.com\/wp-content\/uploads\/2023\/10\/Visa-Open-Work-Permits-LMIA-Canadian.jpg\" width=\"410\" height=\"270\" alt=\"Visa-Open-Work-Permits-LMIA-Canadian\" title=\"Visa-Open-Work-Permits-LMIA-Canadian\" \/><\/a>\n                    <\/div>\n                                <div class=\"pxl-item--holder\">\n                                                       <div class=\"pxl-item--icon\">\n                        <svg xmlns=\"http:\/\/www.w3.org\/2000\/svg\" width=\"9\" height=\"9\" viewBox=\"0 0 9 9\" fill=\"none\">\n                            <path d=\"M0 9C6 9 8.5 3 9 0V9H0Z\"\/>\n                        <\/svg>\n                        <img decoding=\"async\" width=\"26\" height=\"25\" src=\"https:\/\/middlemissimmigrationlaw.com\/wp-content\/uploads\/2023\/10\/work-permits-for-employees-canada-icon.png\" class=\"attachment-full\" alt=\"\" \/>                        <svg xmlns=\"http:\/\/www.w3.org\/2000\/svg\" width=\"9\" height=\"9\" viewBox=\"0 0 9 9\" fill=\"none\">\n                            <path d=\"M9 9C3 9 0.5 3 0 0V9H9Z\"\/>\n                        <\/svg>\n                    <\/div>\n                                <h3 class=\"pxl-item--title\">\n                    <a href=\"https:\/\/middlemissimmigrationlaw.com\/fr\/service\/permis-de-travail\/\">Permis de travail<\/a>\n                <\/h3>\n                <div class=\"pxl-line-paper\">\n\n                <\/div>\n                                    <div class=\"pxl-item--content pxl-excerpt-line\" style=\"-webkit-line-clamp: 3;\">\n                        Un permis de travail est n\u00e9cessaire pour qu'un ressortissant \u00e9tranger puisse exercer des activit\u00e9s productives au Canada. Par exemple, des activit\u00e9s telles que...                    <\/div>\n                                                    <div class=\"pxl-item--button\">\n                        <a class=\"btn--readmore\" href=\"https:\/\/middlemissimmigrationlaw.com\/fr\/service\/permis-de-travail\/\">\n                            <span class=\"btn-readmore--text\">En savoir plus<\/span>\n                            <span class=\"btn-readmore--icon pxl-ml-10\"><i class=\"flaticon-right-arrow-2 rtl-reverse\"><\/i><\/span>\n                        <\/a>\n                    <\/div>\n                            <\/div>\n        <\/div>\n    <\/div>\n            <div class=\"pxl-grid-item col-xl-4 col-lg-4 col-md-6 col-sm-6 col-12 \">\n                <div class=\"pxl-item--inner \" data-wow-duration=\"1.2s\">\n                                        <div class=\"pxl-item--featured item-image\">\n                        <a class=\"pxl-wrap-link\" href=\"https:\/\/middlemissimmigrationlaw.com\/fr\/service\/permis-detudes\/\"> <img decoding=\"async\" class=\"\" src=\"https:\/\/middlemissimmigrationlaw.com\/wp-content\/uploads\/2023\/10\/international-students-Study-Permits-Visa-Canada.jpg\" width=\"410\" height=\"270\" alt=\"international-students-Study-Permits-Visa-Canada\" title=\"international-students-Study-Permits-Visa-Canada\" \/><\/a>\n                    <\/div>\n                                <div class=\"pxl-item--holder\">\n                                                       <div class=\"pxl-item--icon\">\n                        <svg xmlns=\"http:\/\/www.w3.org\/2000\/svg\" width=\"9\" height=\"9\" viewBox=\"0 0 9 9\" fill=\"none\">\n                            <path d=\"M0 9C6 9 8.5 3 9 0V9H0Z\"\/>\n                        <\/svg>\n                        <img loading=\"lazy\" decoding=\"async\" width=\"40\" height=\"32\" src=\"https:\/\/middlemissimmigrationlaw.com\/wp-content\/uploads\/2023\/10\/international-study-permits-canada-icon.png\" class=\"attachment-full\" alt=\"\" \/>                        <svg xmlns=\"http:\/\/www.w3.org\/2000\/svg\" width=\"9\" height=\"9\" viewBox=\"0 0 9 9\" fill=\"none\">\n                            <path d=\"M9 9C3 9 0.5 3 0 0V9H9Z\"\/>\n                        <\/svg>\n                    <\/div>\n                                <h3 class=\"pxl-item--title\">\n                    <a href=\"https:\/\/middlemissimmigrationlaw.com\/fr\/service\/permis-detudes\/\">Permis d&#8217;\u00e9tudes<\/a>\n                <\/h3>\n                <div class=\"pxl-line-paper\">\n\n                <\/div>\n                                    <div class=\"pxl-item--content pxl-excerpt-line\" style=\"-webkit-line-clamp: 3;\">\n                        Les \u00e9tudiants \u00e9trangers souhaitant \u00e9tudier au Canada doivent demander et obtenir un permis d'\u00e9tudes pour pouvoir \u00e9tudier au Canada.                    <\/div>\n                                                    <div class=\"pxl-item--button\">\n                        <a class=\"btn--readmore\" href=\"https:\/\/middlemissimmigrationlaw.com\/fr\/service\/permis-detudes\/\">\n                            <span class=\"btn-readmore--text\">En savoir plus<\/span>\n                            <span class=\"btn-readmore--icon pxl-ml-10\"><i class=\"flaticon-right-arrow-2 rtl-reverse\"><\/i><\/span>\n                        <\/a>\n                    <\/div>\n                            <\/div>\n        <\/div>\n    <\/div>\n            <div class=\"pxl-grid-item col-xl-4 col-lg-4 col-md-6 col-sm-6 col-12 \">\n                <div class=\"pxl-item--inner \" data-wow-duration=\"1.2s\">\n                                        <div class=\"pxl-item--featured item-image\">\n                        <a class=\"pxl-wrap-link\" href=\"https:\/\/middlemissimmigrationlaw.com\/fr\/service\/visiteurs\/\"> <img loading=\"lazy\" decoding=\"async\" class=\"\" src=\"https:\/\/middlemissimmigrationlaw.com\/wp-content\/uploads\/2023\/10\/travel-authorization-temporary-resident-visa-required.jpg\" width=\"410\" height=\"270\" alt=\"travel-authorization-temporary-resident-visa-required\" title=\"travel-authorization-temporary-resident-visa-required\" \/><\/a>\n                    <\/div>\n                                <div class=\"pxl-item--holder\">\n                                                       <div class=\"pxl-item--icon\">\n                        <svg xmlns=\"http:\/\/www.w3.org\/2000\/svg\" width=\"9\" height=\"9\" viewBox=\"0 0 9 9\" fill=\"none\">\n                            <path d=\"M0 9C6 9 8.5 3 9 0V9H0Z\"\/>\n                        <\/svg>\n                        <img loading=\"lazy\" decoding=\"async\" width=\"31\" height=\"31\" src=\"https:\/\/middlemissimmigrationlaw.com\/wp-content\/uploads\/2023\/10\/visitor-electronic-travel-authorization-eta-icon.png\" class=\"attachment-full\" alt=\"\" \/>                        <svg xmlns=\"http:\/\/www.w3.org\/2000\/svg\" width=\"9\" height=\"9\" viewBox=\"0 0 9 9\" fill=\"none\">\n                            <path d=\"M9 9C3 9 0.5 3 0 0V9H9Z\"\/>\n                        <\/svg>\n                    <\/div>\n                                <h3 class=\"pxl-item--title\">\n                    <a href=\"https:\/\/middlemissimmigrationlaw.com\/fr\/service\/visiteurs\/\">Visiteurs<\/a>\n                <\/h3>\n                <div class=\"pxl-line-paper\">\n\n                <\/div>\n                                    <div class=\"pxl-item--content pxl-excerpt-line\" style=\"-webkit-line-clamp: 3;\">\n                        En fonction de son pays de citoyennet\u00e9, le visiteur aura besoin d'une autorisation de voyage \u00e9lectronique (eTA) ou d'une...                    <\/div>\n                                                    <div class=\"pxl-item--button\">\n                        <a class=\"btn--readmore\" href=\"https:\/\/middlemissimmigrationlaw.com\/fr\/service\/visiteurs\/\">\n                            <span class=\"btn-readmore--text\">En savoir plus<\/span>\n                            <span class=\"btn-readmore--icon pxl-ml-10\"><i class=\"flaticon-right-arrow-2 rtl-reverse\"><\/i><\/span>\n                        <\/a>\n                    <\/div>\n                            <\/div>\n        <\/div>\n    <\/div>\n            <div class=\"pxl-grid-item col-xl-4 col-lg-4 col-md-6 col-sm-6 col-12 \">\n                <div class=\"pxl-item--inner \" data-wow-duration=\"1.2s\">\n                                        <div class=\"pxl-item--featured item-image\">\n                        <a class=\"pxl-wrap-link\" href=\"https:\/\/middlemissimmigrationlaw.com\/fr\/service\/residence-permanente-quebec-et-canada\/\"> <img loading=\"lazy\" decoding=\"async\" class=\"\" src=\"https:\/\/middlemissimmigrationlaw.com\/wp-content\/uploads\/2023\/10\/family-7257182_1920-410x270.jpg\" width=\"410\" height=\"270\" alt=\"family-7257182_1920\" title=\"family-7257182_1920\" \/><\/a>\n                    <\/div>\n                                <div class=\"pxl-item--holder\">\n                                                       <div class=\"pxl-item--icon\">\n                        <svg xmlns=\"http:\/\/www.w3.org\/2000\/svg\" width=\"9\" height=\"9\" viewBox=\"0 0 9 9\" fill=\"none\">\n                            <path d=\"M0 9C6 9 8.5 3 9 0V9H0Z\"\/>\n                        <\/svg>\n                        <img loading=\"lazy\" decoding=\"async\" width=\"30\" height=\"30\" src=\"https:\/\/middlemissimmigrationlaw.com\/wp-content\/uploads\/2023\/10\/canadian-permanent-residence-icon.png\" class=\"attachment-full\" alt=\"\" \/>                        <svg xmlns=\"http:\/\/www.w3.org\/2000\/svg\" width=\"9\" height=\"9\" viewBox=\"0 0 9 9\" fill=\"none\">\n                            <path d=\"M9 9C3 9 0.5 3 0 0V9H9Z\"\/>\n                        <\/svg>\n                    <\/div>\n                                <h3 class=\"pxl-item--title\">\n                    <a href=\"https:\/\/middlemissimmigrationlaw.com\/fr\/service\/residence-permanente-quebec-et-canada\/\">R\u00e9sidence permanente (Qu\u00e9bec et Canada)<\/a>\n                <\/h3>\n                <div class=\"pxl-line-paper\">\n\n                <\/div>\n                                    <div class=\"pxl-item--content pxl-excerpt-line\" style=\"-webkit-line-clamp: 3;\">\n                        Les principales cat\u00e9gories de r\u00e9sidence permanente au Canada sont l'immigration \u00e9conomique, le regroupement familial, le statut de r\u00e9fugi\u00e9 et l'immigration humanitaire...                    <\/div>\n                                                    <div class=\"pxl-item--button\">\n                        <a class=\"btn--readmore\" href=\"https:\/\/middlemissimmigrationlaw.com\/fr\/service\/residence-permanente-quebec-et-canada\/\">\n                            <span class=\"btn-readmore--text\">En savoir plus<\/span>\n                            <span class=\"btn-readmore--icon pxl-ml-10\"><i class=\"flaticon-right-arrow-2 rtl-reverse\"><\/i><\/span>\n                        <\/a>\n                    <\/div>\n                            <\/div>\n        <\/div>\n    <\/div>\n            <div class=\"pxl-grid-item col-xl-4 col-lg-4 col-md-6 col-sm-6 col-12 \">\n                <div class=\"pxl-item--inner \" data-wow-duration=\"1.2s\">\n                                        <div class=\"pxl-item--featured item-image\">\n                        <a class=\"pxl-wrap-link\" href=\"https:\/\/middlemissimmigrationlaw.com\/fr\/service\/contester-les-refus-et-les-delais-de-traitement\/\"> <img loading=\"lazy\" decoding=\"async\" class=\"\" src=\"https:\/\/middlemissimmigrationlaw.com\/wp-content\/uploads\/2023\/10\/contest-refusals-delays-permits-Immigration-Law.jpg\" width=\"410\" height=\"270\" alt=\"contest-refusals-delays-permits-Immigration-Law\" title=\"contest-refusals-delays-permits-Immigration-Law\" \/><\/a>\n                    <\/div>\n                                <div class=\"pxl-item--holder\">\n                                                       <div class=\"pxl-item--icon\">\n                        <svg xmlns=\"http:\/\/www.w3.org\/2000\/svg\" width=\"9\" height=\"9\" viewBox=\"0 0 9 9\" fill=\"none\">\n                            <path d=\"M0 9C6 9 8.5 3 9 0V9H0Z\"\/>\n                        <\/svg>\n                        <img loading=\"lazy\" decoding=\"async\" width=\"34\" height=\"34\" src=\"https:\/\/middlemissimmigrationlaw.com\/wp-content\/uploads\/2023\/10\/contest-refusals-delays-permits-icon.png\" class=\"attachment-full\" alt=\"\" \/>                        <svg xmlns=\"http:\/\/www.w3.org\/2000\/svg\" width=\"9\" height=\"9\" viewBox=\"0 0 9 9\" fill=\"none\">\n                            <path d=\"M9 9C3 9 0.5 3 0 0V9H9Z\"\/>\n                        <\/svg>\n                    <\/div>\n                                <h3 class=\"pxl-item--title\">\n                    <a href=\"https:\/\/middlemissimmigrationlaw.com\/fr\/service\/contester-les-refus-et-les-delais-de-traitement\/\">Contester les refus et les d\u00e9lais de traitement<\/a>\n                <\/h3>\n                <div class=\"pxl-line-paper\">\n\n                <\/div>\n                                    <div class=\"pxl-item--content pxl-excerpt-line\" style=\"-webkit-line-clamp: 3;\">\n                        Nous reconnaissons que des refus injustes et de longs d\u00e9lais de traitement peuvent se produire et qu'il convient d'y rem\u00e9dier. Avec l'av\u00e8nement de l'analyse des\u2026                    <\/div>\n                                                    <div class=\"pxl-item--button\">\n                        <a class=\"btn--readmore\" href=\"https:\/\/middlemissimmigrationlaw.com\/fr\/service\/contester-les-refus-et-les-delais-de-traitement\/\">\n                            <span class=\"btn-readmore--text\">En savoir plus<\/span>\n                            <span class=\"btn-readmore--icon pxl-ml-10\"><i class=\"flaticon-right-arrow-2 rtl-reverse\"><\/i><\/span>\n                        <\/a>\n                    <\/div>\n                            <\/div>\n        <\/div>\n    <\/div>\n            <div class=\"pxl-grid-item col-xl-4 col-lg-4 col-md-6 col-sm-6 col-12 \">\n                <div class=\"pxl-item--inner \" data-wow-duration=\"1.2s\">\n                                        <div class=\"pxl-item--featured item-image\">\n                        <a class=\"pxl-wrap-link\" href=\"https:\/\/middlemissimmigrationlaw.com\/fr\/service\/citoyennete\/\"> <img loading=\"lazy\" decoding=\"async\" class=\"\" src=\"https:\/\/middlemissimmigrationlaw.com\/wp-content\/uploads\/2023\/10\/Canadian-citizenship-permanent-residents-born-outside.jpg\" width=\"410\" height=\"270\" alt=\"Canadian-citizenship-permanent-residents-born-outside\" title=\"Canadian-citizenship-permanent-residents-born-outside\" \/><\/a>\n                    <\/div>\n                                <div class=\"pxl-item--holder\">\n                                                       <div class=\"pxl-item--icon\">\n                        <svg xmlns=\"http:\/\/www.w3.org\/2000\/svg\" width=\"9\" height=\"9\" viewBox=\"0 0 9 9\" fill=\"none\">\n                            <path d=\"M0 9C6 9 8.5 3 9 0V9H0Z\"\/>\n                        <\/svg>\n                        <img loading=\"lazy\" decoding=\"async\" width=\"33\" height=\"33\" src=\"https:\/\/middlemissimmigrationlaw.com\/wp-content\/uploads\/2023\/10\/citizenship-icon.png\" class=\"attachment-full\" alt=\"\" \/>                        <svg xmlns=\"http:\/\/www.w3.org\/2000\/svg\" width=\"9\" height=\"9\" viewBox=\"0 0 9 9\" fill=\"none\">\n                            <path d=\"M9 9C3 9 0.5 3 0 0V9H9Z\"\/>\n                        <\/svg>\n                    <\/div>\n                                <h3 class=\"pxl-item--title\">\n                    <a href=\"https:\/\/middlemissimmigrationlaw.com\/fr\/service\/citoyennete\/\">Citoyennet\u00e9<\/a>\n                <\/h3>\n                <div class=\"pxl-line-paper\">\n\n                <\/div>\n                                    <div class=\"pxl-item--content pxl-excerpt-line\" style=\"-webkit-line-clamp: 3;\">\n                        Nous repr\u00e9sentons des clients pour des demandes d'octroi de la citoyennet\u00e9 (naturalisation). Les clients qui sont des r\u00e9sidents permanents canadiens et qui...                    <\/div>\n                                                    <div class=\"pxl-item--button\">\n                        <a class=\"btn--readmore\" href=\"https:\/\/middlemissimmigrationlaw.com\/fr\/service\/citoyennete\/\">\n                            <span class=\"btn-readmore--text\">En savoir plus<\/span>\n                            <span class=\"btn-readmore--icon pxl-ml-10\"><i class=\"flaticon-right-arrow-2 rtl-reverse\"><\/i><\/span>\n                        <\/a>\n                    <\/div>\n                            <\/div>\n        <\/div>\n    <\/div>\n        <div class=\"grid-sizer col-xl-4 col-lg-4 col-md-6 col-sm-6 col-12\"><\/div>\n    <\/div>\n        <\/div>\t\t<\/div>\n\t\t\t\t<\/div>\n\t\t            <\/div>\r\n        <\/div>\r\n        \t\t\t<\/div>\n\t\t<\/section>\n\t\t\t\t<\/div>\n\t\t","protected":false},"excerpt":{"rendered":"<p>Nos services en mati\u00e8re d&#8217;immigration \u00a9 Middlemiss Immigration Law 2024. All rights reserved. Work Permits A work permit is required in order for a foreign national to perform productive activities in Canada. For example, activities such&#8230; En savoir plus Study Permits International students seeking to study in Canada must apply for and be issued study [&hellip;]<\/p>\n","protected":false},"author":1,"featured_media":0,"parent":0,"menu_order":0,"comment_status":"closed","ping_status":"closed","template":"","meta":{"inline_featured_image":false,"footnotes":""},"class_list":["post-5689","page","type-page","status-publish","hentry"],"_links":{"self":[{"href":"https:\/\/middlemissimmigrationlaw.com\/fr\/wp-json\/wp\/v2\/pages\/5689","targetHints":{"allow":["GET"]}}],"collection":[{"href":"https:\/\/middlemissimmigrationlaw.com\/fr\/wp-json\/wp\/v2\/pages"}],"about":[{"href":"https:\/\/middlemissimmigrationlaw.com\/fr\/wp-json\/wp\/v2\/types\/page"}],"author":[{"embeddable":true,"href":"https:\/\/middlemissimmigrationlaw.com\/fr\/wp-json\/wp\/v2\/users\/1"}],"replies":[{"embeddable":true,"href":"https:\/\/middlemissimmigrationlaw.com\/fr\/wp-json\/wp\/v2\/comments?post=5689"}],"version-history":[{"count":9,"href":"https:\/\/middlemissimmigrationlaw.com\/fr\/wp-json\/wp\/v2\/pages\/5689\/revisions"}],"predecessor-version":[{"id":5851,"href":"https:\/\/middlemissimmigrationlaw.com\/fr\/wp-json\/wp\/v2\/pages\/5689\/revisions\/5851"}],"wp:attachment":[{"href":"https:\/\/middlemissimmigrationlaw.com\/fr\/wp-json\/wp\/v2\/media?parent=5689"}],"curies":[{"name":"wp","href":"https:\/\/api.w.org\/{rel}","templated":true}]}}