    {"id":5761,"date":"2023-10-18T07:05:44","date_gmt":"2023-10-18T07:05:44","guid":{"rendered":"https:\/\/middlemissimmigrationlaw.com\/privacy-policy\/"},"modified":"2024-08-29T19:44:03","modified_gmt":"2024-08-29T19:44:03","slug":"politique-de-confidentialite","status":"publish","type":"page","link":"https:\/\/middlemissimmigrationlaw.com\/fr\/politique-de-confidentialite\/","title":{"rendered":"Politique de confidentialit\u00e9"},"content":{"rendered":"\t\t<div data-elementor-type=\"wp-page\" data-elementor-id=\"5761\" class=\"elementor elementor-5761 elementor-4316\">\n\t\t\t\t        <section class=\"elementor-section elementor-top-section elementor-element elementor-element-19696f91 elementor-section-boxed elementor-section-height-default elementor-section-height-default pxl-row-scroll-none pxl-section-overflow-visible pxl-bg-color-none pxl-section-overlay-none\" data-id=\"19696f91\" data-element_type=\"section\">\n\n                \n                <div class=\"elementor-container elementor-column-gap-default \">\n                <div class=\"elementor-column elementor-col-100 elementor-top-column elementor-element elementor-element-38725bad pxl-column-none\" data-id=\"38725bad\" data-element_type=\"column\">\r\n        <div class=\"elementor-widget-wrap elementor-element-populated\">\r\n                     \r\n        \t\t<div class=\"elementor-element elementor-element-c531f6f elementor-widget elementor-widget-pxl_heading\" data-id=\"c531f6f\" data-element_type=\"widget\" data-widget_type=\"pxl_heading.default\">\n\t\t\t\t<div class=\"elementor-widget-container\">\n\t\t\t<div id=\"pxl-pxl_heading-c531f6f-5021\" class=\"pxl-heading px-sub-title-default-style\">\n\t<div class=\"pxl-heading--inner\">\n\t\t\n\t\t\n\t\t<h2 class=\"pxl-item--title pxl-split-text split-in-left\" data-wow-delay=\"ms\">\n\t\tPolitique de confidentialit\u00e9\t\t\n\t\t<\/h2>\n\n\t\t\n\t\t\n\t\t\t\t\t\t\t\t\n\t<\/div>\n<\/div>\t\t<\/div>\n\t\t\t\t<\/div>\n\t\t\t\t<div class=\"elementor-element elementor-element-124df6e9 elementor-widget elementor-widget-text-editor\" data-id=\"124df6e9\" data-element_type=\"widget\" data-widget_type=\"text-editor.default\">\n\t\t\t\t<div class=\"elementor-widget-container\">\n\t\t\t<style>\/*! elementor - v3.23.0 - 05-08-2024 *\/\n.elementor-widget-text-editor.elementor-drop-cap-view-stacked .elementor-drop-cap{background-color:#69727d;color:#fff}.elementor-widget-text-editor.elementor-drop-cap-view-framed .elementor-drop-cap{color:#69727d;border:3px solid;background-color:transparent}.elementor-widget-text-editor:not(.elementor-drop-cap-view-default) .elementor-drop-cap{margin-top:8px}.elementor-widget-text-editor:not(.elementor-drop-cap-view-default) .elementor-drop-cap-letter{width:1em;height:1em}.elementor-widget-text-editor .elementor-drop-cap{float:left;text-align:center;line-height:1;font-size:50px}.elementor-widget-text-editor .elementor-drop-cap-letter{display:inline-block}<\/style>\t\t\t\t<p><strong>Date d&#8217;entr\u00e9e en vigueur :<\/strong> 19 aout<\/p><p>Votre vie priv\u00e9e est importante pour nous. Cette politique de confidentialit\u00e9 explique quelles informations nous collectons, comment nous les utilisons, et les choix que vous avez concernant ces informations. En utilisant notre site web, vous consentez \u00e0 cette politique de confidentialit\u00e9.<\/p><h2>1. Informations que nous collectons<\/h2><p><strong>1.1 Informations personnelles<\/strong><br \/>Les informations personnelles que nous collectons sont recueillies au travers de formulaires et gr\u00e2ce \u00e0 l\u2019interactivit\u00e9 \u00e9tablie entre vous et notre site Web.<\/p><p>Nous pouvons collecter des informations personnelles telles que :<\/p><ul><li>Votre nom<\/li><li>Votre adresse courriel<\/li><li>D&#8217;autres informations personnelles que vous choisissez de nous fournir<\/li><\/ul><p><strong>1.2 Informations non personnelles<\/strong><br \/>Nous pouvons \u00e9galement collecter des informations non personnelles, telles que des donn\u00e9es d\u00e9mographiques, des pr\u00e9f\u00e9rences d&#8217;utilisation du site web\/application et d&#8217;autres informations anonymes.<\/p><h2>2. Utilisation des informations<\/h2><p>Nous utilisons les informations que nous collectons pour les finalit\u00e9s suivantes :<\/p><ul><li>Fournir et maintenir notre site web<\/li><li>Personnaliser votre exp\u00e9rience sur notre site web<\/li><li>Vous envoyer des communications marketing, si vous avez donn\u00e9 votre consentement<\/li><li>R\u00e9pondre \u00e0 vos demandes, commentaires ou questions<\/li><li>Am\u00e9liorer notre site web<\/li><li>Respecter nos obligations l\u00e9gales<\/li><\/ul><h2>3. Partage des informations<\/h2><p>Nous ne vendons ni ne louons vos informations personnelles \u00e0 des tiers. Cependant, nous pouvons partager vos informations avec :<\/p><ul><li>Des prestataires de services tiers pour nous aider \u00e0 exploiter notre site web<\/li><li>Les autorit\u00e9s gouvernementales lorsque cela est requis par la loi<\/li><li>Dans le cadre d&#8217;une fusion, acquisition ou vente d&#8217;actifs<\/li><\/ul><h2>4. Vos droits<\/h2><p>Vous avez le droit de :<\/p><ul><li>Acc\u00e9der aux informations personnelles que nous d\u00e9tenons \u00e0 votre sujet<\/li><li>Rectifier toute information incorrecte<\/li><li>Supprimer vos informations personnelles, sous r\u00e9serve de nos obligations l\u00e9gales<\/li><li>Vous opposer au traitement de vos informations \u00e0 des fins de marketing direct<\/li><li>Demander la portabilit\u00e9 de vos informations<\/li><\/ul><h2>5. Cookies et technologies similaires<\/h2><p>Nous utilisons des cookies et des technologies similaires pour am\u00e9liorer votre exp\u00e9rience sur notre site web ainsi que pour comprendre comment vous interagissez avec celui-ci. Vous pouvez g\u00e9rer vos pr\u00e9f\u00e9rences de cookies via les param\u00e8tres de notre site Web.<\/p><h2>6. Liens vers d&#8217;autres sites web<\/h2><p>Notre site web peut contenir des liens vers d&#8217;autres sites web qui ne sont pas d\u00e9tenus ou contr\u00f4l\u00e9s par nous. Sachez que nous ne sommes pas responsables de ces autres sites web ou des pratiques de confidentialit\u00e9 des tiers. Nous vous encourageons \u00e0 \u00eatre attentif lorsque vous quittez notre site web et \u00e0 lire les d\u00e9clarations de confidentialit\u00e9 de chaque site web susceptible de collecter des informations personnelles.<\/p><h2>7. S\u00e9curit\u00e9 des donn\u00e9es<\/h2><p>Nous mettons en place des mesures de s\u00e9curit\u00e9 pour prot\u00e9ger vos informations personnelles. Cependant, aucune m\u00e9thode de transmission sur Internet ou de stockage \u00e9lectronique n&#8217;est totalement s\u00e9curis\u00e9e.<\/p><h2>8. Dur\u00e9e de conservation des donn\u00e9es<\/h2><p>Nous stockons les donn\u00e9es personnelles pour une dur\u00e9e raisonnable et n\u00e9cessaire, conform\u00e9ment \u00e0 nos obligations l\u00e9gales et aux finalit\u00e9s pour lesquelles les donn\u00e9es ont \u00e9t\u00e9 collect\u00e9es.<\/p><h2>9. Modifications de la politique de confidentialit\u00e9<\/h2><p>Nous pouvons mettre \u00e0 jour cette politique de confidentialit\u00e9 de temps \u00e0 autre pour refl\u00e9ter les changements dans nos pratiques en mati\u00e8re de confidentialit\u00e9. La date de la derni\u00e8re r\u00e9vision sera indiqu\u00e9e en haut de la politique.<\/p><h2>10. Nous contacter<\/h2><p>Si vous avez des questions concernant cette politique de confidentialit\u00e9 ou vos renseignements personnels, veuillez contacter notre responsable :<\/p><p>Middlemiss,<br \/><a href=\"tel:5146670661\">(514) 667-0661<\/a><br \/><a href=\"mailto:information@middlemissimmigrationlaw.com\">information@middlemissimmigrationlaw.com<\/a><\/p>\t\t\t\t\t\t<\/div>\n\t\t\t\t<\/div>\n\t\t            <\/div>\r\n        <\/div>\r\n        \t\t\t<\/div>\n\t\t<\/section>\n\t\t\t\t<\/div>\n\t\t","protected":false},"excerpt":{"rendered":"<p>Politique de confidentialit\u00e9 Date d&#8217;entr\u00e9e en vigueur : 19 aout Votre vie priv\u00e9e est importante pour nous. Cette politique de confidentialit\u00e9 explique quelles informations nous collectons, comment nous les utilisons, et les choix que vous avez concernant ces informations. En utilisant notre site web, vous consentez \u00e0 cette politique de confidentialit\u00e9. 1. Informations que nous [&hellip;]<\/p>\n","protected":false},"author":1,"featured_media":0,"parent":0,"menu_order":0,"comment_status":"closed","ping_status":"closed","template":"","meta":{"inline_featured_image":false,"footnotes":""},"class_list":["post-5761","page","type-page","status-publish","hentry"],"_links":{"self":[{"href":"https:\/\/middlemissimmigrationlaw.com\/fr\/wp-json\/wp\/v2\/pages\/5761","targetHints":{"allow":["GET"]}}],"collection":[{"href":"https:\/\/middlemissimmigrationlaw.com\/fr\/wp-json\/wp\/v2\/pages"}],"about":[{"href":"https:\/\/middlemissimmigrationlaw.com\/fr\/wp-json\/wp\/v2\/types\/page"}],"author":[{"embeddable":true,"href":"https:\/\/middlemissimmigrationlaw.com\/fr\/wp-json\/wp\/v2\/users\/1"}],"replies":[{"embeddable":true,"href":"https:\/\/middlemissimmigrationlaw.com\/fr\/wp-json\/wp\/v2\/comments?post=5761"}],"version-history":[{"count":5,"href":"https:\/\/middlemissimmigrationlaw.com\/fr\/wp-json\/wp\/v2\/pages\/5761\/revisions"}],"predecessor-version":[{"id":5771,"href":"https:\/\/middlemissimmigrationlaw.com\/fr\/wp-json\/wp\/v2\/pages\/5761\/revisions\/5771"}],"wp:attachment":[{"href":"https:\/\/middlemissimmigrationlaw.com\/fr\/wp-json\/wp\/v2\/media?parent=5761"}],"curies":[{"name":"wp","href":"https:\/\/api.w.org\/{rel}","templated":true}]}}